{"id":13,"date":"2021-03-30T16:09:59","date_gmt":"2021-03-30T19:09:59","guid":{"rendered":"http:\/\/pacs.org.br\/mulheresterritoriosdeluta\/?page_id=13"},"modified":"2021-05-11T16:55:52","modified_gmt":"2021-05-11T19:55:52","slug":"debate-no-mundo","status":"publish","type":"page","link":"https:\/\/pacs.org.br\/mulheresterritoriosdeluta\/debate-no-mundo\/","title":{"rendered":"Debate no Mundo"},"content":{"rendered":"\n<p>Compartilhamos aqui materiais de institui\u00e7\u00f5es, organiza\u00e7\u00f5es, grupos e coletivos com tem\u00e1ticas relacionadas \u00e0 Campanha #MulheresTerrit\u00f3riosdeLuta.<\/p>\n","protected":false},"excerpt":{"rendered":"<p>Compartilhamos aqui materiais de institui\u00e7\u00f5es, organiza\u00e7\u00f5es, grupos e coletivos com tem\u00e1ticas relacionadas \u00e0 Campanha #MulheresTerrit\u00f3riosdeLuta.<\/p>\n","protected":false},"author":1,"featured_media":70,"parent":0,"menu_order":0,"comment_status":"closed","ping_status":"closed","template":"","meta":{"footnotes":""},"class_list":["post-13","page","type-page","status-publish","has-post-thumbnail","hentry"],"_links":{"self":[{"href":"https:\/\/pacs.org.br\/mulheresterritoriosdeluta\/wp-json\/wp\/v2\/pages\/13","targetHints":{"allow":["GET"]}}],"collection":[{"href":"https:\/\/pacs.org.br\/mulheresterritoriosdeluta\/wp-json\/wp\/v2\/pages"}],"about":[{"href":"https:\/\/pacs.org.br\/mulheresterritoriosdeluta\/wp-json\/wp\/v2\/types\/page"}],"author":[{"embeddable":true,"href":"https:\/\/pacs.org.br\/mulheresterritoriosdeluta\/wp-json\/wp\/v2\/users\/1"}],"replies":[{"embeddable":true,"href":"https:\/\/pacs.org.br\/mulheresterritoriosdeluta\/wp-json\/wp\/v2\/comments?post=13"}],"version-history":[{"count":4,"href":"https:\/\/pacs.org.br\/mulheresterritoriosdeluta\/wp-json\/wp\/v2\/pages\/13\/revisions"}],"predecessor-version":[{"id":282,"href":"https:\/\/pacs.org.br\/mulheresterritoriosdeluta\/wp-json\/wp\/v2\/pages\/13\/revisions\/282"}],"wp:featuredmedia":[{"embeddable":true,"href":"https:\/\/pacs.org.br\/mulheresterritoriosdeluta\/wp-json\/wp\/v2\/media\/70"}],"wp:attachment":[{"href":"https:\/\/pacs.org.br\/mulheresterritoriosdeluta\/wp-json\/wp\/v2\/media?parent=13"}],"curies":[{"name":"wp","href":"https:\/\/api.w.org\/{rel}","templated":true}]}}