{"id":9,"date":"2021-03-30T16:09:31","date_gmt":"2021-03-30T19:09:31","guid":{"rendered":"http:\/\/pacs.org.br\/mulheresterritoriosdeluta\/?page_id=9"},"modified":"2021-05-10T12:33:40","modified_gmt":"2021-05-10T15:33:40","slug":"ciclo-de-debates","status":"publish","type":"page","link":"https:\/\/pacs.org.br\/mulheresterritoriosdeluta\/ciclo-de-debates\/","title":{"rendered":"Ciclo de Debates"},"content":{"rendered":"\n<p>O <strong>Ciclo de Debates #MulheresTerrit\u00f3riosdeLuta<\/strong>&nbsp;recebeu mais de 40 mulheres de diversos territ\u00f3rios do Brasil, 11 convidadas internacionais de 7 pa\u00edses da Am\u00e9rica Latina e da Am\u00e9rica Central, al\u00e9m de 35 organiza\u00e7\u00f5es e movimentos sociais em doze programas ao vivo que trouxeram a cr\u00edtica aos megaprojetos de desenvolvimento e as resist\u00eancias das mulheres atingidas por essa realidade impactada pela presen\u00e7a de empreendimentos, militariza\u00e7\u00e3o e viola\u00e7\u00f5es de direitos. S\u00e3o mulheres que lutam e (re)existem em seus corpos\u2011territ\u00f3rios a partir de suas mem\u00f3rias, reflex\u00f5es, sonhos, artes, encontros e partilhas de suas hist\u00f3rias.<\/p>\n","protected":false},"excerpt":{"rendered":"<p>O Ciclo de Debates #MulheresTerrit\u00f3riosdeLuta&nbsp;recebeu mais de 40 mulheres de diversos territ\u00f3rios do Brasil, 11 convidadas internacionais de 7 pa\u00edses da Am\u00e9rica Latina e da Am\u00e9rica Central, al\u00e9m de 35 organiza\u00e7\u00f5es e movimentos sociais em doze programas ao vivo que trouxeram a cr\u00edtica aos megaprojetos de desenvolvimento e as resist\u00eancias das mulheres atingidas por essa [&hellip;]<\/p>\n","protected":false},"author":1,"featured_media":189,"parent":0,"menu_order":0,"comment_status":"closed","ping_status":"closed","template":"","meta":{"footnotes":""},"class_list":["post-9","page","type-page","status-publish","has-post-thumbnail","hentry"],"_links":{"self":[{"href":"https:\/\/pacs.org.br\/mulheresterritoriosdeluta\/wp-json\/wp\/v2\/pages\/9","targetHints":{"allow":["GET"]}}],"collection":[{"href":"https:\/\/pacs.org.br\/mulheresterritoriosdeluta\/wp-json\/wp\/v2\/pages"}],"about":[{"href":"https:\/\/pacs.org.br\/mulheresterritoriosdeluta\/wp-json\/wp\/v2\/types\/page"}],"author":[{"embeddable":true,"href":"https:\/\/pacs.org.br\/mulheresterritoriosdeluta\/wp-json\/wp\/v2\/users\/1"}],"replies":[{"embeddable":true,"href":"https:\/\/pacs.org.br\/mulheresterritoriosdeluta\/wp-json\/wp\/v2\/comments?post=9"}],"version-history":[{"count":6,"href":"https:\/\/pacs.org.br\/mulheresterritoriosdeluta\/wp-json\/wp\/v2\/pages\/9\/revisions"}],"predecessor-version":[{"id":190,"href":"https:\/\/pacs.org.br\/mulheresterritoriosdeluta\/wp-json\/wp\/v2\/pages\/9\/revisions\/190"}],"wp:featuredmedia":[{"embeddable":true,"href":"https:\/\/pacs.org.br\/mulheresterritoriosdeluta\/wp-json\/wp\/v2\/media\/189"}],"wp:attachment":[{"href":"https:\/\/pacs.org.br\/mulheresterritoriosdeluta\/wp-json\/wp\/v2\/media?parent=9"}],"curies":[{"name":"wp","href":"https:\/\/api.w.org\/{rel}","templated":true}]}}